{"id":4890,"date":"2022-11-11T19:05:30","date_gmt":"2022-11-11T18:05:30","guid":{"rendered":"https:\/\/www.localguides-slovenia.com\/?page_id=4890"},"modified":"2022-11-11T19:05:30","modified_gmt":"2022-11-11T18:05:30","slug":"piskotki","status":"publish","type":"page","link":"https:\/\/www.localguides-slovenia.com\/en\/piskotki\/","title":{"rendered":"Pi\u0161kotki"},"content":{"rendered":"<p><span style=\"font-weight: 400;\">Da bi vam olaj\u0161ali uporabo na\u0161e spletne strani in jo naredili bolj prijetno, uporabljamo \u00bbpi\u0161kotke\u00ab. Pi\u0161kotki so majhne podatkovne enote, ki nam omogo\u010dajo primerjavo novih in predhodnih obiskovalcev, razumevanje, kako uporabljajo na\u0161o stran. Posredujejo nam podatke, s katerimi lahko naredimo prihodnji obisk spletne strani bolj prijeten in u\u010dinkovit. \u010ce ne \u017eelite uporabljati pi\u0161kotkov, nastavite svoj ra\u010dunalnik tako, da izbri\u0161e vse pi\u0161kotke spletnih strani in\/ali vas opozori, preden se pi\u0161kotek shrani na disk. \u010ce ne \u017eelite spremeniti uporabe pi\u0161kotkov, preprosto nadaljujte na spletno stran.<\/span><\/p>\n<p><span style=\"font-weight: 400;\">Upravljavec spletnega mesta in vseh podatkov povezanih z njim je:<\/span><\/p>\n<p><b>Ime in priimek ali Naziv podjetja: <\/b>Dru\u0161tvo regionalnih turisti\u010dnih vodnikov Slovenije<b><br \/>\n<\/b><b>Naslov: <\/b>Cesta v Mestni log 58 g<b><br \/>\n<\/b><b>Po\u0161ta in kraj: <\/b>1000 Ljubljana <b><br \/>\n<\/b><b>Naslov elektronske po\u0161te: <\/b>info@localguides-slovenia.com<\/p>\n<p><span style=\"font-weight: 400;\">Za ve\u010d informacij o pi\u0161kotkih in njihovem vplivu na\u00a0<\/span><a href=\"https:\/\/www.aboutcookies.org\/\"><span style=\"font-weight: 400;\">www.aboutcookies.org<\/span><\/a><span style=\"font-weight: 400;\">.<\/span><\/p>\n<p><b>VRSTE PI\u0160KOTKOV, KI JIH UPORABLJAMO<\/b><\/p>\n<table border=\"2\">\n<tbody>\n<tr>\n<td><b>Ime pi\u0161kotka<\/b><\/td>\n<td><b>Namen<\/b><\/td>\n<td><b>\u010cas trajanja<\/b><\/td>\n<\/tr>\n<tr>\n<td><span style=\"font-weight: 400;\">CookiePreferences<\/span><\/td>\n<td><span style=\"font-weight: 400;\">Pi\u0161kotek v katerem se hrani Va\u0161e strinjanje z uporabo Googlovih storitev.<\/span><\/td>\n<td><span style=\"font-weight: 400;\">Dve leti.<\/span><\/td>\n<\/tr>\n<tr>\n<td><span style=\"font-weight: 400;\">NID<\/span><\/td>\n<td><span style=\"font-weight: 400;\">Identifikator za Google nastavitve<\/span><\/td>\n<td><span style=\"font-weight: 400;\">10 mesecev.<\/span><\/td>\n<\/tr>\n<tr>\n<td><span style=\"font-weight: 400;\">PH_HPXY_CHECK<\/span><\/td>\n<td><span style=\"font-weight: 400;\">Pi\u0161kotek pomemben za samo delovanje spletne strani, nalo\u017ei se ob vsakem obisku spletne strani, traja 1 sejo<\/span><\/td>\n<td><span style=\"font-weight: 400;\">Do zaprtja brskalnika.<\/span><\/td>\n<\/tr>\n<tr>\n<td><span style=\"font-weight: 400;\">_ga<\/span><\/td>\n<td><span style=\"font-weight: 400;\">Statistika ogledov spletne strani<\/span><\/td>\n<td><span style=\"font-weight: 400;\">Dve leti.<\/span><\/td>\n<\/tr>\n<tr>\n<td><span style=\"font-weight: 400;\">_gid<\/span><\/td>\n<td><span style=\"font-weight: 400;\">Statistika ogledov spletne strani<\/span><\/td>\n<td><span style=\"font-weight: 400;\">En dan.<\/span><\/td>\n<\/tr>\n<tr>\n<td><span style=\"font-weight: 400;\">_gat<\/span><\/td>\n<td><span style=\"font-weight: 400;\">Pi\u0161kotek storitve Google Analytics. Pi\u0161kotek se uporablja za uravnavanje \u0161tevila poslanih zahtevkov Google Analytics. Pi\u0161kotek ne vsebuje informacij o uporabniku. Pi\u0161kotek se izbri\u0161e 10 minut po namestitvi.<\/span><\/td>\n<td><span style=\"font-weight: 400;\">10 minut.<\/span><\/td>\n<\/tr>\n<tr>\n<td><span style=\"font-weight: 400;\">wordpress_logged_in_3054fecbcbdf6e59458543f8aefcff8a<\/span><\/td>\n<td><span style=\"font-weight: 400;\">Pi\u0161kotek ki si zapomne prijavljenega uporabnika na strani<\/span><\/td>\n<td><span style=\"font-weight: 400;\">Do zaprtja brskalnika.<\/span><\/td>\n<\/tr>\n<tr>\n<td><span style=\"font-weight: 400;\">wordpress_sec_3054fecbcbdf6e59458543f8aefcff8a<\/span><\/td>\n<td><span style=\"font-weight: 400;\">Pi\u0161kotek z varnostno zastavico<\/span><\/td>\n<td><span style=\"font-weight: 400;\">Do zaprtja brskalnika.<\/span><\/td>\n<\/tr>\n<tr>\n<td><span style=\"font-weight: 400;\">wordpress_test_cookie<\/span><\/td>\n<td><span style=\"font-weight: 400;\">Pi\u0161kotek storitve Visual Website Optimizer, ki slu\u017ei nadzoru anonimne uporabe spletnega mesta za potrebe spreminjanja oblikovne predloge le-tega.<\/span><\/td>\n<td><span style=\"font-weight: 400;\">Do zaprtja brskalnika.<\/span><\/td>\n<\/tr>\n<tr>\n<td><span style=\"font-weight: 400;\">wp-settings-1<\/span><\/td>\n<td><span style=\"font-weight: 400;\">Nastavi se zaradi prilagoditve pogleda strani in (administratorskega) vmesnika.<\/span><\/td>\n<td><span style=\"font-weight: 400;\">210 minut od posodobitve strani.<\/span><\/td>\n<\/tr>\n<tr>\n<td><span style=\"font-weight: 400;\">wp-settings-time-1<\/span><\/td>\n<td><span style=\"font-weight: 400;\">Nastavi se zaradi prilagoditve pogleda strani in (administratorskega) vmesnika.<\/span><\/td>\n<td><span style=\"font-weight: 400;\">210 minut od posodobitve strani.<\/span><\/td>\n<\/tr>\n<\/tbody>\n<\/table>\n<p>&nbsp;<\/p>\n<p><b>Obvezni pi\u0161kotki<\/b><span style=\"font-weight: 400;\">\u00a0Ti pi\u0161kotki so nujni za premikanje po spletni strani in uporabo njenih mo\u017enosti, kot je naprimer dostop do varnih obmo\u010dij spletne strani. Brez teh pi\u0161kotkov ni mo\u017eno zagotoviti storitev, ki ste jih zahtevali, naprimer obrazca za nagradno igro ipd.<\/span><\/p>\n<p><b>Izvedbeni pi\u0161kotki<\/b><span style=\"font-weight: 400;\">\u00a0Ti pi\u0161kotki zbirajo informacije o na\u010dinu uporabe spletne strani, naprimer katere strani uporabniki najpogosteje obi\u0161\u010dejo, in \u010de se na spletnih straneh pojavijo sporo\u010dila o napaki. Ti pi\u0161kotki ne zbirajo informacij, ki bi lahko identificirale uporabnika. Vse zbrane informacije so zdru\u017eene in anonimne. Ti pi\u0161kotki se uporabljajo samo za izbolj\u0161anje delovanja spletne strani.<\/span><\/p>\n<p><span style=\"font-weight: 400;\">Z nadaljevanjem uporabe na\u0161e spletne strani po tem, ko ste dobili obvestilo o pi\u0161kotkih se strinjate, da na va\u0161o napravo namestimo to vrsto pi\u0161kotkov.<\/span><\/p>\n<p><b>Funkcionalni pi\u0161kotki<\/b><span style=\"font-weight: 400;\">\u00a0Ti pi\u0161kotki omogo\u010dajo, da si spletna stran zapomni va\u0161e izbrane mo\u017enosti (na primer va\u0161e uporabni\u0161ko ime, jezik ali regijo, kjer se nahajate) in vam ponudi izbolj\u0161ane, bolj osebne mo\u017enosti. Tako na primer na\u0161a spletna stran na kateri ste trenutno nudi prilagojeno vsebino glede na tematiko \u010dlankov, ki jih je uporabnik ozna\u010dil kot priljubljene. Ti pi\u0161kotki si lahko zapomnijo tudi spremembe velikosti \u010drk in pisave ter drugih delov spletne strani, ki jih lahko prilagodite. Uporabni so tudi za zagotavljanje storitev, ki ste jih zahtevali, kot je ogled videoposnetka ali komentiranje na blogu. Informacije, ki jih zbirajo ti pi\u0161kotki, so lahko anonimne in ne sledijo va\u0161emu brskanju po drugih spletnih straneh.<\/span><\/p>\n<p><span style=\"font-weight: 400;\">Z nadaljevanjem uporabe na\u0161e spletne strani po tem, ko ste dobili obvestilo o pi\u0161kotkih se strinjate, da na va\u0161o napravo namestimo to vrsto pi\u0161kotkov.<\/span><\/p>\n<p><b>Kako upravljati pi\u0161kotke na osebnem ra\u010dunalniku\u00a0<\/b><span style=\"font-weight: 400;\">Klikni za onemogo\u010danje Google Analitike S klikom na \u201conemogo\u010danje Google Analitike\u201d bo analitika onemogo\u010dena za mesec dni.<\/span><\/p>\n<p><span style=\"font-weight: 400;\">\u010ce \u017eelite omogo\u010diti pi\u0161kotke na\u0161e spletne strani, sledite spodnjim korakom.<\/span><\/p>\n<p><b>Google Chrome<\/b><\/p>\n<ol>\n<li style=\"font-weight: 400;\" aria-level=\"1\"><span style=\"font-weight: 400;\">Kliknite \u00bbOrodja\u00ab na vrhu va\u0161ega brskalnika in izberite \u00bbNastavitve\u00ab.<\/span><\/li>\n<li style=\"font-weight: 400;\" aria-level=\"1\"><span style=\"font-weight: 400;\">Kliknite \u00bbPrika\u017ei dodatne nastavitve\u00ab in se pomaknite do razdelka \u00bbZasebnost\u00ab ter kliknite gumb \u00bbNastavitve vsebine\u00ab.<\/span><\/li>\n<li style=\"font-weight: 400;\" aria-level=\"1\"><span style=\"font-weight: 400;\">Izberite \u00bbDovoli nastavljanje lokalnih podatkov\u00ab.<\/span><\/li>\n<\/ol>\n<p><b>Microsoft Internet Explorer 6.0, 7.0, 8.0, 9.0<\/b><\/p>\n<ol>\n<li style=\"font-weight: 400;\" aria-level=\"1\"><span style=\"font-weight: 400;\">Kliknite \u00bbOrodja\u00ab na vrhu va\u0161ega brskalnika in izberite \u00bbInternetne mo\u017enosti\u00ab, nato kliknite zavihek \u00bbZasebnost\u00ab.<\/span><\/li>\n<li style=\"font-weight: 400;\" aria-level=\"1\"><span style=\"font-weight: 400;\">Preverite, \u010de je raven va\u0161e zasebnosti nastavljena na srednjo ali manj, kar bo omogo\u010dilo uporabo pi\u0161kotkov v va\u0161em brskalniku.<\/span><\/li>\n<li style=\"font-weight: 400;\" aria-level=\"1\"><span style=\"font-weight: 400;\">Nastavitev nad srednjo ravnjo bo onemogo\u010dila uporabo pi\u0161kotkov.<\/span><\/li>\n<\/ol>\n<p><b>Mozilla Firefox<\/b><\/p>\n<ol>\n<li style=\"font-weight: 400;\" aria-level=\"1\"><span style=\"font-weight: 400;\">Kliknite \u00bbOrodja\u00ab na vrhu va\u0161ega brskalnika in izberite \u00bbMo\u017enosti\u00ab. &gt;<\/span><\/li>\n<li style=\"font-weight: 400;\" aria-level=\"1\"><span style=\"font-weight: 400;\">Nato izberite ikono \u00bbZasebnost\u00ab. &gt;<\/span><\/li>\n<li style=\"font-weight: 400;\" aria-level=\"1\"><span style=\"font-weight: 400;\">Kliknite \u00bbPi\u0161kotki\u00ab in izberite mo\u017enost \u00bbDovoli stranem, da ustvarijo pi\u0161kote\u00ab.<\/span><\/li>\n<\/ol>\n<p><b>Safari<\/b><\/p>\n<ol>\n<li style=\"font-weight: 400;\" aria-level=\"1\"><span style=\"font-weight: 400;\">Kliknite ikono zobnika na vrhu va\u0161ega brskalnika in izberite mo\u017enost \u00bbNastavitve\u00ab.<\/span><\/li>\n<li style=\"font-weight: 400;\" aria-level=\"1\"><span style=\"font-weight: 400;\">Kliknite \u00bbZasebnost\u00ab, nato ozna\u010dite mo\u017enost \u00bbOnemogo\u010di uporabo pi\u0161kotkov tretjih oseb in ogla\u0161evalnih pi\u0161kotkov\u00ab.<\/span><\/li>\n<li style=\"font-weight: 400;\" aria-level=\"1\"><span style=\"font-weight: 400;\">Kliknite \u00bbShrani\u00ab.<\/span><\/li>\n<\/ol>\n<p><b>Kako upravljati pi\u0161kotke na ra\u010dunalniku Mac<\/b><span style=\"font-weight: 400;\">\u00a0\u010ce \u017eelite omogo\u010diti pi\u0161kotke na\u0161e spletne strani, sledite spodnjim korakom.<\/span><\/p>\n<p><b>Microsoft Internet Explorer 5.0 on OSX<\/b><\/p>\n<ol>\n<li style=\"font-weight: 400;\" aria-level=\"1\"><span style=\"font-weight: 400;\">Kliknite \u00bbExplorer\u00ab na vrhu va\u0161ega brskalnika in izberite mo\u017enost \u00bbNastavitve\u00ab.<\/span><\/li>\n<li style=\"font-weight: 400;\" aria-level=\"1\"><span style=\"font-weight: 400;\">Pomaknite se navzdol do \u00bbPi\u0161kotki\u00ab v razdelku \u00bbPrejete datoteke\u00ab.<\/span><\/li>\n<li style=\"font-weight: 400;\" aria-level=\"1\"><span style=\"font-weight: 400;\">Izberite mo\u017enost \u00bbNikoli ne vpra\u0161aj\u00ab.<\/span><\/li>\n<\/ol>\n<p><b>Safari on OSX<\/b><\/p>\n<ol>\n<li style=\"font-weight: 400;\" aria-level=\"1\"><span style=\"font-weight: 400;\">Kliknite \u00bbSafari\u00ab na vrhu va\u0161ega brskalnika in izberite mo\u017enost \u00bbNastavitve\u00ab.<\/span><\/li>\n<li style=\"font-weight: 400;\" aria-level=\"1\"><span style=\"font-weight: 400;\">Kliknite \u00bbZasebnost\u00ab in nato \u00bbOmogo\u010di uporabo pi\u0161kotkov\u00ab.<\/span><\/li>\n<li style=\"font-weight: 400;\" aria-level=\"1\"><span style=\"font-weight: 400;\">Izberite \u00bbSamo na obiskanih straneh\u00ab.<\/span><\/li>\n<\/ol>\n<p><b>Mozilla and Netscape on OSX<\/b><\/p>\n<ol>\n<li style=\"font-weight: 400;\" aria-level=\"1\"><span style=\"font-weight: 400;\">Kliknite \u00bbMozilla\u00ab ali \u00bbNetscape\u00ab na vrhu va\u0161ega brskalnika in izberite mo\u017enost \u00bbNastavitve\u00ab.<\/span><\/li>\n<li style=\"font-weight: 400;\" aria-level=\"1\"><span style=\"font-weight: 400;\">Pomaknite se navzdol do \u00bbPi\u0161kotki\u00ab v razdelku \u00bbZasebnost in varnost\u00ab.<\/span><\/li>\n<li style=\"font-weight: 400;\" aria-level=\"1\"><span style=\"font-weight: 400;\">Izberite \u00bbDovoli pi\u0161kotke samo za izvorno spletno stran\u00ab.<\/span><\/li>\n<\/ol>\n<p><b>Opera<\/b><\/p>\n<ol>\n<li style=\"font-weight: 400;\" aria-level=\"1\"><span style=\"font-weight: 400;\">Kliknite \u00bbMeni\u00ab na vrhu va\u0161ega brskalnika in izberite \u00bbNastavitve\u00ab.<\/span><\/li>\n<li style=\"font-weight: 400;\" aria-level=\"1\"><span style=\"font-weight: 400;\">Nato izberite \u00bbMo\u017enosti\u00ab in zavihek \u00bbNapredno\u00ab.<\/span><\/li>\n<li style=\"font-weight: 400;\" aria-level=\"1\"><span style=\"font-weight: 400;\">Izberite mo\u017enost \u00bbOmogo\u010di uporabo pi\u0161kotkov\u00ab.<\/span><\/li>\n<\/ol>\n","protected":false},"excerpt":{"rendered":"<p>Da bi vam olaj\u0161ali uporabo na\u0161e spletne strani in jo [&hellip;]<\/p>\n","protected":false},"author":1,"featured_media":0,"parent":0,"menu_order":0,"comment_status":"closed","ping_status":"closed","template":"","meta":{"footnotes":""},"class_list":["post-4890","page","type-page","status-publish","hentry"],"acf":[],"_links":{"self":[{"href":"https:\/\/www.localguides-slovenia.com\/en\/wp-json\/wp\/v2\/pages\/4890","targetHints":{"allow":["GET"]}}],"collection":[{"href":"https:\/\/www.localguides-slovenia.com\/en\/wp-json\/wp\/v2\/pages"}],"about":[{"href":"https:\/\/www.localguides-slovenia.com\/en\/wp-json\/wp\/v2\/types\/page"}],"author":[{"embeddable":true,"href":"https:\/\/www.localguides-slovenia.com\/en\/wp-json\/wp\/v2\/users\/1"}],"replies":[{"embeddable":true,"href":"https:\/\/www.localguides-slovenia.com\/en\/wp-json\/wp\/v2\/comments?post=4890"}],"version-history":[{"count":1,"href":"https:\/\/www.localguides-slovenia.com\/en\/wp-json\/wp\/v2\/pages\/4890\/revisions"}],"predecessor-version":[{"id":4891,"href":"https:\/\/www.localguides-slovenia.com\/en\/wp-json\/wp\/v2\/pages\/4890\/revisions\/4891"}],"wp:attachment":[{"href":"https:\/\/www.localguides-slovenia.com\/en\/wp-json\/wp\/v2\/media?parent=4890"}],"curies":[{"name":"wp","href":"https:\/\/api.w.org\/{rel}","templated":true}]}}