{"id":4413,"date":"2020-10-03T17:14:03","date_gmt":"2020-10-03T17:14:03","guid":{"rendered":"https:\/\/www.localguides-slovenia.com\/o-nas-2\/"},"modified":"2020-10-03T17:14:03","modified_gmt":"2020-10-03T17:14:03","slug":"o-nas","status":"publish","type":"page","link":"https:\/\/www.localguides-slovenia.com\/en\/o-nas\/","title":{"rendered":"O nas"},"content":{"rendered":"<p><div class=\"fusion-fullwidth fullwidth-box fusion-builder-row-1 fusion-flex-container nonhundred-percent-fullwidth non-hundred-percent-height-scrolling\" style=\"background-color: rgba(255,255,255,0);background-position: center center;background-repeat: no-repeat;border-width: 0px 0px 0px 0px;border-color:var(--awb-color4);border-style:solid;\" ><div class=\"fusion-builder-row fusion-row fusion-flex-align-items-stretch\" style=\"max-width:1365px;margin-left: calc(-5% \/ 2 );margin-right: calc(-5% \/ 2 );\"><div class=\"fusion-layout-column fusion_builder_column fusion-builder-column-0 fusion_builder_column_3_5 3_5 fusion-flex-column\"><div class=\"fusion-column-wrapper fusion-flex-justify-content-flex-start fusion-content-layout-column\" style=\"background-position:left top;background-repeat:no-repeat;-webkit-background-size:cover;-moz-background-size:cover;-o-background-size:cover;background-size:cover;border-radius:6px 0px 0px 6px;background-color:var(--awb-color7);border-radius:6px 0px 0px 6px;overflow:hidden;padding: 10vh 6vw 10vh 6vw;\"><style type=\"text\/css\">@media only screen and (max-width:1177px) {.fusion-title.fusion-title-1{margin-top:10px!important; margin-right:0px!important;margin-bottom:20px!important;margin-left:0px!important;}}@media only screen and (max-width:700px) {.fusion-title.fusion-title-1{margin-top:10px!important; margin-right:0px!important;margin-bottom:10px!important; margin-left:0px!important;}}<\/style><div class=\"fusion-title title fusion-title-1 fusion-sep-none fusion-title-text fusion-title-size-two\" style=\"margin-top:10px;margin-right:0px;margin-bottom:20px;margin-left:0px;\"><h2 class=\"title-heading-left\" style=\"margin:0;color:var(--awb-color1);\"><\/h2><\/div><div class=\"fusion-text fusion-text-1\" style=\"text-align:left;font-size:17px;line-height:1.9;color:var(--awb-color1);\"><p><strong>TURISTI\u010cNI VODNIK je predstavnik \/ ambasador regije \/ kraja \/ podro\u010dja<\/strong>. Obiskovalci najve\u010d \u010dasa pre\u017eivijo ravno s turisti\u010dnim vodnikom, ki je eden od nosilcev trajnostnega razvoja destinacije!<\/p>\n<p>Dru\u0161tvo regionalnih turisti\u010dnih vodnikov Slovenije je bilo ustanovljeno z namenom spodbujanja dela turisti\u010dnih vodnikov v okvirih spodaj omenjenega standarda in pod strokovnim vodstvom Evropske zveze dru\u0161tev turisti\u010dnih vodnikov FEG ter svetovne strokovne krovne organizacije WFTGA \u2013 Svetovne zveza dru\u0161tev turisti\u010dnih vodnikov. WFTGA je pridru\u017eeni \u010dlan UNWTO (Svetovne turisti\u010dne organizacije) in sodeluje pri politiki svetovne organizacije UNESCO, posledi\u010dno pa tudi Dru\u0161tvo regionalnih turisti\u010dnih vodnikov Slovenije, kot njihov \u010dlan.<\/p>\n<p>Evropski standard\u00a0<strong>EN 13809\/2003<\/strong>\u00a0je standard, ki govori o terminologiji v turisti\u010dni dejavnosti: \u201cTuristi\u010dni vodnik je oseba, ki obiskovalce vodi v njihovem\u00a0<strong>izbranem jeziku, interpretira<\/strong>\u00a0kulturno in naravno dedi\u0161\u010dino, ki je specifi\u010dna za dolo\u010deno podro\u010dje \/ mesto \/ arheolo\u0161ko najdi\u0161\u010de \/ muzej\u00a0<strong>na gostom razumljiv na\u010din<\/strong>.Obi\u010dajno ima\u00a0<strong>licenco<\/strong>, ki zagotavlja, da ima\u00a0<strong>specifi\u010dna znanja za dolo\u010deno podro\u010dje<\/strong>, katero je izdal organ dolo\u010den s strani lokalnih oblasti\u201d.<\/p>\n<\/div><\/div><style type=\"text\/css\">.fusion-body .fusion-builder-column-0{width:60% !important;margin-top : 0px;margin-bottom : 3.5vw;}.fusion-builder-column-0 > .fusion-column-wrapper {padding-top : 10vh !important;padding-right : 6vw !important;margin-right : 0;padding-bottom : 10vh !important;padding-left : 6vw !important;margin-left : 3.9583333333333%;}@media only screen and (max-width:1177px) {.fusion-body .fusion-builder-column-0{width:60% !important;order : 0;}.fusion-builder-column-0 > .fusion-column-wrapper {padding-top : 8vw !important;margin-right : 0;padding-bottom : 8vw !important;margin-left : 3.9583333333333%;}}@media only screen and (max-width:700px) {.fusion-body .fusion-builder-column-0{width:83.333333333333% !important;order : 0;margin-bottom : 6vw;}.fusion-builder-column-0 > .fusion-column-wrapper {padding-top : 7vh !important;padding-right : 7vw !important;margin-right : 0;padding-bottom : 7vh !important;padding-left : 7vw !important;margin-left : 2.85%;}}<\/style><\/div><div class=\"fusion-layout-column fusion_builder_column fusion-builder-column-1 fusion_builder_column_2_5 2_5 fusion-flex-column\"><div class=\"fusion-column-wrapper lazyload fusion-flex-justify-content-flex-start fusion-content-layout-column fusion-empty-column-bg-image\" style=\"background-position:center center;background-repeat:no-repeat;-webkit-background-size:cover;-moz-background-size:cover;-o-background-size:cover;background-size:cover;border-radius:0px 6px 6px 0px;border-radius:0px 6px 6px 0px;overflow:hidden;padding: 0px 0px 0px 0px;\" data-bg-url=\"https:\/\/www.localguides-slovenia.com\/wp-content\/uploads\/2022\/10\/franz-josef-glacier-new-zealand-2021-08-31-22-18-56-utc-scaled.jpg\" data-bg=\"https:\/\/www.localguides-slovenia.com\/wp-content\/uploads\/2022\/10\/franz-josef-glacier-new-zealand-2021-08-31-22-18-56-utc-scaled.jpg\"><img decoding=\"async\" class=\"fusion-empty-dims-img-placeholder fusion-no-large-visibility fusion-no-medium-visibility\" src=\"data:image\/svg+xml,%3Csvg%20xmlns%3D%27http%3A%2F%2Fwww.w3.org%2F2000%2Fsvg%27%20width%3D%271707%27%20height%3D%272560%27%20viewBox%3D%270%200%201707%202560%27%3E%3Crect%20width%3D%271707%27%20height%3D%272560%27%20fill-opacity%3D%220%22%2F%3E%3C%2Fsvg%3E\"><\/div><style type=\"text\/css\">.fusion-body .fusion-builder-column-1{width:40% !important;margin-top : 0px;margin-bottom : 3.5vw;}.fusion-builder-column-1 > .fusion-column-wrapper {padding-top : 0px !important;padding-right : 0px !important;margin-right : 5.9375%;padding-bottom : 0px !important;padding-left : 0px !important;margin-left : 0;}@media only screen and (max-width:1177px) {.fusion-body .fusion-builder-column-1{width:40% !important;order : 0;}.fusion-builder-column-1 > .fusion-column-wrapper {margin-right : 5.9375%;margin-left : 0;}}@media only screen and (max-width:700px) {.fusion-body .fusion-builder-column-1{width:16.666666666667% !important;order : 1;margin-bottom : 6vw;}.fusion-builder-column-1 > .fusion-column-wrapper {margin-right : 14.25%;margin-left : 0;}}<\/style><\/div><\/div><style type=\"text\/css\">.fusion-body .fusion-flex-container.fusion-builder-row-1{ padding-top : 0px;margin-top : 0px;padding-right : 0px;padding-bottom : 7vw;margin-bottom : 0px;padding-left : 0px;}<\/style><\/div><div class=\"fusion-fullwidth fullwidth-box fusion-builder-row-2 fusion-flex-container nonhundred-percent-fullwidth non-hundred-percent-height-scrolling\" style=\"background-color: rgba(255,255,255,0);background-position: center center;background-repeat: no-repeat;border-width: 0px 0px 0px 0px;border-color:var(--awb-color4);border-style:solid;\" ><div class=\"fusion-builder-row fusion-row fusion-flex-align-items-flex-start\" style=\"max-width:1365px;margin-left: calc(-5% \/ 2 );margin-right: calc(-5% \/ 2 );\"><div class=\"fusion-layout-column fusion_builder_column fusion-builder-column-2 fusion_builder_column_1_2 1_2 fusion-flex-column\"><div class=\"fusion-column-wrapper fusion-flex-justify-content-flex-start fusion-content-layout-column\" style=\"background-position:left top;background-repeat:no-repeat;-webkit-background-size:cover;-moz-background-size:cover;-o-background-size:cover;background-size:cover;padding: 0px 0px 0px 0px;\"><div ><span class=\" fusion-imageframe imageframe-none imageframe-1 hover-type-none\"><img decoding=\"async\" width=\"2181\" height=\"2560\" title=\"tourist-in-mountain-2021-08-29-11-41-12-utc-(1)\" src=\"https:\/\/www.localguides-slovenia.com\/wp-content\/uploads\/2022\/10\/tourist-in-mountain-2021-08-29-11-41-12-utc-1-scaled.jpg\" data-orig-src=\"https:\/\/www.localguides-slovenia.com\/wp-content\/uploads\/2022\/10\/tourist-in-mountain-2021-08-29-11-41-12-utc-1-scaled.jpg\" alt class=\"lazyload img-responsive wp-image-4184\" srcset=\"data:image\/svg+xml,%3Csvg%20xmlns%3D%27http%3A%2F%2Fwww.w3.org%2F2000%2Fsvg%27%20width%3D%272181%27%20height%3D%272560%27%20viewBox%3D%270%200%202181%202560%27%3E%3Crect%20width%3D%272181%27%20height%3D%272560%27%20fill-opacity%3D%220%22%2F%3E%3C%2Fsvg%3E\" data-srcset=\"https:\/\/www.localguides-slovenia.com\/wp-content\/uploads\/2022\/10\/tourist-in-mountain-2021-08-29-11-41-12-utc-1-200x235.jpg 200w, https:\/\/www.localguides-slovenia.com\/wp-content\/uploads\/2022\/10\/tourist-in-mountain-2021-08-29-11-41-12-utc-1-400x469.jpg 400w, https:\/\/www.localguides-slovenia.com\/wp-content\/uploads\/2022\/10\/tourist-in-mountain-2021-08-29-11-41-12-utc-1-600x704.jpg 600w, https:\/\/www.localguides-slovenia.com\/wp-content\/uploads\/2022\/10\/tourist-in-mountain-2021-08-29-11-41-12-utc-1-800x939.jpg 800w, https:\/\/www.localguides-slovenia.com\/wp-content\/uploads\/2022\/10\/tourist-in-mountain-2021-08-29-11-41-12-utc-1-1200x1408.jpg 1200w, https:\/\/www.localguides-slovenia.com\/wp-content\/uploads\/2022\/10\/tourist-in-mountain-2021-08-29-11-41-12-utc-1-scaled.jpg 2181w\" data-sizes=\"auto\" data-orig-sizes=\"(max-width: 700px) 100vw, 600px\" \/><\/span><\/div><\/div><style type=\"text\/css\">.fusion-body .fusion-builder-column-2{width:50% !important;margin-top : 0px;margin-bottom : 0px;}.fusion-builder-column-2 > .fusion-column-wrapper {padding-top : 0px !important;padding-right : 0px !important;margin-right : 4.75%;padding-bottom : 0px !important;padding-left : 0px !important;margin-left : 4.75%;}@media only screen and (max-width:1177px) {.fusion-body .fusion-builder-column-2{width:50% !important;order : 0;}.fusion-builder-column-2 > .fusion-column-wrapper {margin-right : 4.75%;margin-left : 4.75%;}}@media only screen and (max-width:700px) {.fusion-body .fusion-builder-column-2{width:100% !important;order : 0;}.fusion-builder-column-2 > .fusion-column-wrapper {margin-right : 2.375%;margin-left : 2.375%;}}<\/style><\/div><div class=\"fusion-layout-column fusion_builder_column fusion-builder-column-3 fusion_builder_column_1_2 1_2 fusion-flex-column\"><div class=\"fusion-column-wrapper fusion-flex-justify-content-flex-start fusion-content-layout-column\" style=\"background-position:left top;background-repeat:no-repeat;-webkit-background-size:cover;-moz-background-size:cover;-o-background-size:cover;background-size:cover;padding: 0px 0px 0px 0px;\"><style type=\"text\/css\">@media only screen and (max-width:1177px) {.fusion-title.fusion-title-2{margin-top:10px!important; margin-right:0px!important;margin-bottom:15px!important;margin-left:0px!important;}}@media only screen and (max-width:700px) {.fusion-title.fusion-title-2{margin-top:10px!important; margin-right:0px!important;margin-bottom:10px!important; margin-left:0px!important;}}<\/style><div class=\"fusion-title title fusion-title-2 fusion-sep-none fusion-title-text fusion-title-size-one\" style=\"margin-top:10px;margin-right:0px;margin-bottom:15px;margin-left:0px;\"><h1 class=\"title-heading-left\" style=\"margin:0;\"><h2>NAMEN DRU\u0160TVA REGIONALNIH TURISTI\u010cNIH VODNIKOV<\/h2><\/h1><\/div><div class=\"fusion-text fusion-text-2\"><ul>\n<li><span style=\"color: #000000;\">Skrbeti za kakovost dela turisti\u010dnih vodnikov in se pridru\u017eiti zahtevam sodobnega trga;<\/span><\/li>\n<li><span style=\"color: #000000;\">Promovirati vlogo turisti\u010dnega vodnika v vsaki skupnosti;<\/span><\/li>\n<li><span style=\"color: #000000;\">Povezovati se z udele\u017eenci v lokalnih skupnostih zaradi promocije dela in vloge turisti\u010dnega vodnika.<\/span><\/li>\n<\/ul>\n<p><span style=\"color: #000000;\">V na\u0161e dru\u0161tvo so vabljeni vsi turisti\u010dni vodniki, ki svojo strokovnost doka\u017eejo z licenco: naj bo nacionalna, regijska, lokalna ali licenca za vodenje po muzeju, galeriji. Skrbno morajo prebrati statut dru\u0161tva ter kodeks poslovanja turisti\u010dnega vodnika. Ob prijavi kandidati izpolnijo prijavnico in v roku 10 dni od oddaje prijavnice sledi pla\u010dilo vpisnine (enkratno pla\u010dilo) in \u010dlanarine (letna investicija).<\/span><\/p>\n<p><span style=\"color: #000000;\">Vse dodatne informacije dobite na sede\u017eu dru\u0161tva ali na telefonski \u0161tevilki 051\/410-072, kontaktna oseba: Mateja Kregar Gliha.<\/span><\/p>\n<\/div><\/div><style type=\"text\/css\">.fusion-body .fusion-builder-column-3{width:50% !important;margin-top : 0px;margin-bottom : 0px;}.fusion-builder-column-3 > .fusion-column-wrapper {padding-top : 0px !important;padding-right : 0px !important;margin-right : 4.75%;padding-bottom : 0px !important;padding-left : 0px !important;margin-left : 4.75%;}@media only screen and (max-width:1177px) {.fusion-body .fusion-builder-column-3{width:50% !important;order : 0;}.fusion-builder-column-3 > .fusion-column-wrapper {margin-right : 4.75%;margin-left : 4.75%;}}@media only screen and (max-width:700px) {.fusion-body .fusion-builder-column-3{width:100% !important;order : 0;}.fusion-builder-column-3 > .fusion-column-wrapper {margin-right : 2.375%;margin-left : 2.375%;}}<\/style><\/div><\/div><style type=\"text\/css\">.fusion-body .fusion-flex-container.fusion-builder-row-2{ padding-top : 0px;margin-top : 0px;padding-right : 0px;padding-bottom : 0px;margin-bottom : 0px;padding-left : 0px;}<\/style><\/div><div class=\"fusion-fullwidth fullwidth-box fusion-builder-row-3 fusion-flex-container fusion-parallax-fixed nonhundred-percent-fullwidth non-hundred-percent-height-scrolling lazyload\" style=\"background-color: rgba(255,255,255,0);background-position: center center;background-repeat: no-repeat;border-width: 0px 0px 0px 0px;border-color:var(--awb-color4);border-style:solid;-webkit-background-size:cover;-moz-background-size:cover;-o-background-size:cover;background-size:cover;background-attachment:fixed;\" data-bg=\"https:\/\/www.localguides-slovenia.com\/wp-content\/uploads\/2022\/10\/rear-view-of-woman-with-backpack-hiking-in-mountai-2022-08-01-04-42-42-utc.jpg\" ><div class=\"fusion-builder-row fusion-row fusion-flex-align-items-flex-start\" style=\"max-width:1365px;margin-left: calc(-5% \/ 2 );margin-right: calc(-5% \/ 2 );\"><div class=\"fusion-layout-column fusion_builder_column fusion-builder-column-4 fusion_builder_column_3_5 3_5 fusion-flex-column\"><div class=\"fusion-column-wrapper fusion-flex-justify-content-flex-start fusion-content-layout-column\" style=\"background-position:left top;background-repeat:no-repeat;-webkit-background-size:cover;-moz-background-size:cover;-o-background-size:cover;background-size:cover;padding: 0px 0px 0px 0px;\"><style type=\"text\/css\">@media only screen and (max-width:1177px) {.fusion-title.fusion-title-3{margin-top:50PX!important; margin-right:0px!important;margin-bottom:15px!important;margin-left:0px!important;}}@media only screen and (max-width:700px) {.fusion-title.fusion-title-3{margin-top:10px!important; margin-right:0px!important;margin-bottom:10px!important; margin-left:0px!important;}}<\/style><div class=\"fusion-title title fusion-title-3 fusion-sep-none fusion-title-text fusion-title-size-one\" style=\"margin-top:50PX;margin-right:0px;margin-bottom:15px;margin-left:0px;\"><h1 class=\"title-heading-left\" style=\"margin:0;\"><h2><strong><span style=\"color: #ffffff;\">POVEZAVE<\/span><\/strong><\/h2><\/h1><\/div><ul class=\"fusion-checklist fusion-checklist-1\" style=\"font-size:16px;line-height:27.2px;\"><li style=\"background-color:rgba(255,255,255,0);\" class=\"fusion-li-item\"><span style=\"background-color:var(--awb-color5);font-size:14.08px;height:27.2px;width:27.2px;margin-right:11.2px;\" class=\"icon-wrapper circle-yes\"><i class=\"fusion-li-icon fa-download fas\" style=\"color:var(--awb-color1);\" aria-hidden=\"true\"><\/i><\/span><div class=\"fusion-li-item-content\" style=\"margin-left:38.4px;color:var(--awb-color7);\">\n<p><a href=\"https:\/\/www.localguides-slovenia.com\/wp-content\/uploads\/2022\/10\/STATUT-Drustvo-regionalnih-tv2010.pdf\" target=\"_blank\" rel=\"noopener\"><span style=\"color: #ffffff;\">Status<\/span><\/a><\/p>\n<\/div><\/li><li style=\"background-color:rgba(255,255,255,0);\" class=\"fusion-li-item\"><span style=\"background-color:var(--awb-color5);font-size:14.08px;height:27.2px;width:27.2px;margin-right:11.2px;\" class=\"icon-wrapper circle-yes\"><i class=\"fusion-li-icon fa-download fas\" style=\"color:var(--awb-color1);\" aria-hidden=\"true\"><\/i><\/span><div class=\"fusion-li-item-content\" style=\"margin-left:38.4px;color:var(--awb-color7);\">\n<p><a href=\"https:\/\/www.localguides-slovenia.com\/wp-content\/uploads\/2017\/02\/PRIJAVNICA2020.pdf\" target=\"_blank\" rel=\"noopener\"><span style=\"color: #ffffff;\">Prijavnica -\u010dlanstvo<\/span><\/a><\/p>\n<\/div><\/li><li style=\"background-color:rgba(255,255,255,0);\" class=\"fusion-li-item\"><span style=\"background-color:var(--awb-color5);font-size:14.08px;height:27.2px;width:27.2px;margin-right:11.2px;\" class=\"icon-wrapper circle-yes\"><i class=\"fusion-li-icon fa-download fas\" style=\"color:var(--awb-color1);\" aria-hidden=\"true\"><\/i><\/span><div class=\"fusion-li-item-content\" style=\"margin-left:38.4px;color:var(--awb-color7);\">\n<p><a href=\"https:\/\/www.localguides-slovenia.com\/wp-content\/uploads\/2022\/10\/LETTER-final.pdf\" target=\"_blank\" rel=\"noopener\"><span style=\"color: #ffffff;\">LETTER &#8211; final<\/span><\/a><\/p>\n<\/div><\/li><li style=\"background-color:rgba(255,255,255,0);\" class=\"fusion-li-item\"><span style=\"background-color:var(--awb-color5);font-size:14.08px;height:27.2px;width:27.2px;margin-right:11.2px;\" class=\"icon-wrapper circle-yes\"><i class=\"fusion-li-icon fa-download fas\" style=\"color:var(--awb-color1);\" aria-hidden=\"true\"><\/i><\/span><div class=\"fusion-li-item-content\" style=\"margin-left:38.4px;color:var(--awb-color7);\">\n<p><a href=\"https:\/\/www.localguides-slovenia.com\/wp-content\/uploads\/2022\/10\/Welcome-to-Slovenian-TG-Association.pdf\" target=\"_blank\" rel=\"noopener\"><span style=\"color: #ffffff;\">Welcome to Slovenian TG Association<\/span><\/a><\/p>\n<\/div><\/li><li style=\"background-color:rgba(255,255,255,0);\" class=\"fusion-li-item\"><span style=\"background-color:var(--awb-color5);font-size:14.08px;height:27.2px;width:27.2px;margin-right:11.2px;\" class=\"icon-wrapper circle-yes\"><i class=\"fusion-li-icon fa-download fas\" style=\"color:var(--awb-color1);\" aria-hidden=\"true\"><\/i><\/span><div class=\"fusion-li-item-content\" style=\"margin-left:38.4px;color:var(--awb-color7);\">\n<p><a href=\"https:\/\/www.localguides-slovenia.com\/wp-content\/uploads\/2022\/10\/Welcome-Full-Slovenia.pdf\" target=\"_blank\" rel=\"noopener\"><span style=\"color: #ffffff;\">Welcome Full Slovenia<\/span><\/a><\/p>\n<\/div><\/li><\/ul><\/div><style type=\"text\/css\">.fusion-body .fusion-builder-column-4{width:60% !important;margin-top : 0px;margin-bottom : 55px;}.fusion-builder-column-4 > .fusion-column-wrapper {padding-top : 0px !important;padding-right : 0px !important;margin-right : 3.9583333333333%;padding-bottom : 0px !important;padding-left : 0px !important;margin-left : 3.9583333333333%;}@media only screen and (max-width:1177px) {.fusion-body .fusion-builder-column-4{width:60% !important;order : 0;}.fusion-builder-column-4 > .fusion-column-wrapper {margin-right : 3.9583333333333%;margin-left : 3.9583333333333%;}}@media only screen and (max-width:700px) {.fusion-body .fusion-builder-column-4{width:100% !important;order : 0;}.fusion-builder-column-4 > .fusion-column-wrapper {margin-right : 2.375%;margin-left : 2.375%;}}<\/style><\/div><div class=\"fusion-layout-column fusion_builder_column fusion-builder-column-5 fusion_builder_column_1_3 1_3 fusion-flex-column\"><div class=\"fusion-column-wrapper fusion-flex-justify-content-flex-start fusion-content-layout-column\" style=\"background-position:left top;background-repeat:no-repeat;-webkit-background-size:cover;-moz-background-size:cover;-o-background-size:cover;background-size:cover;padding: 0px 0px 0px 0px;\"><div ><span class=\" fusion-imageframe imageframe-none imageframe-2 hover-type-none\"><img decoding=\"async\" width=\"842\" height=\"652\" title=\"certifikat\" src=\"https:\/\/www.localguides-slovenia.com\/wp-content\/uploads\/2022\/10\/certifikat.jpg\" data-orig-src=\"https:\/\/www.localguides-slovenia.com\/wp-content\/uploads\/2022\/10\/certifikat.jpg\" alt class=\"lazyload img-responsive wp-image-4257\" srcset=\"data:image\/svg+xml,%3Csvg%20xmlns%3D%27http%3A%2F%2Fwww.w3.org%2F2000%2Fsvg%27%20width%3D%27842%27%20height%3D%27652%27%20viewBox%3D%270%200%20842%20652%27%3E%3Crect%20width%3D%27842%27%20height%3D%27652%27%20fill-opacity%3D%220%22%2F%3E%3C%2Fsvg%3E\" data-srcset=\"https:\/\/www.localguides-slovenia.com\/wp-content\/uploads\/2022\/10\/certifikat-200x155.jpg 200w, https:\/\/www.localguides-slovenia.com\/wp-content\/uploads\/2022\/10\/certifikat-400x310.jpg 400w, https:\/\/www.localguides-slovenia.com\/wp-content\/uploads\/2022\/10\/certifikat-600x465.jpg 600w, https:\/\/www.localguides-slovenia.com\/wp-content\/uploads\/2022\/10\/certifikat-800x619.jpg 800w, https:\/\/www.localguides-slovenia.com\/wp-content\/uploads\/2022\/10\/certifikat.jpg 842w\" data-sizes=\"auto\" data-orig-sizes=\"(max-width: 700px) 100vw, 400px\" \/><\/span><\/div><\/div><style type=\"text\/css\">.fusion-body .fusion-builder-column-5{width:33.333333333333% !important;margin-top : 55px;margin-bottom : 55px;}.fusion-builder-column-5 > .fusion-column-wrapper {padding-top : 0px !important;padding-right : 0px !important;margin-right : 7.125%;padding-bottom : 0px !important;padding-left : 0px !important;margin-left : 7.125%;}@media only screen and (max-width:1177px) {.fusion-body .fusion-builder-column-5{width:33.333333333333% !important;order : 0;}.fusion-builder-column-5 > .fusion-column-wrapper {margin-right : 7.125%;margin-left : 7.125%;}}@media only screen and (max-width:700px) {.fusion-body .fusion-builder-column-5{width:100% !important;order : 0;}.fusion-builder-column-5 > .fusion-column-wrapper {margin-right : 2.375%;margin-left : 2.375%;}}<\/style><\/div><\/div><style type=\"text\/css\">.fusion-body .fusion-flex-container.fusion-builder-row-3{ padding-top : 0px;margin-top : 30px;padding-right : 0px;padding-bottom : 0px;margin-bottom : 0px;padding-left : 0px;}<\/style><\/div><\/p>\n","protected":false},"excerpt":{"rendered":"","protected":false},"author":1,"featured_media":0,"parent":0,"menu_order":0,"comment_status":"closed","ping_status":"closed","template":"100-width.php","meta":{"footnotes":""},"class_list":["post-4413","page","type-page","status-publish","hentry"],"acf":[],"_links":{"self":[{"href":"https:\/\/www.localguides-slovenia.com\/en\/wp-json\/wp\/v2\/pages\/4413","targetHints":{"allow":["GET"]}}],"collection":[{"href":"https:\/\/www.localguides-slovenia.com\/en\/wp-json\/wp\/v2\/pages"}],"about":[{"href":"https:\/\/www.localguides-slovenia.com\/en\/wp-json\/wp\/v2\/types\/page"}],"author":[{"embeddable":true,"href":"https:\/\/www.localguides-slovenia.com\/en\/wp-json\/wp\/v2\/users\/1"}],"replies":[{"embeddable":true,"href":"https:\/\/www.localguides-slovenia.com\/en\/wp-json\/wp\/v2\/comments?post=4413"}],"version-history":[{"count":0,"href":"https:\/\/www.localguides-slovenia.com\/en\/wp-json\/wp\/v2\/pages\/4413\/revisions"}],"wp:attachment":[{"href":"https:\/\/www.localguides-slovenia.com\/en\/wp-json\/wp\/v2\/media?parent=4413"}],"curies":[{"name":"wp","href":"https:\/\/api.w.org\/{rel}","templated":true}]}}